{"id":3,"date":"2022-11-15T08:28:55","date_gmt":"2022-11-15T08:28:55","guid":{"rendered":"https:\/\/notaire-pierret.lu\/?page_id=3"},"modified":"2023-10-31T16:18:58","modified_gmt":"2023-10-31T15:18:58","slug":"privacy-policy","status":"publish","type":"page","link":"https:\/\/www.notaire-pierret.lu\/index.php\/privacy-policy\/","title":{"rendered":"Protection des Donn\u00e9es"},"content":{"rendered":"\t\t<div data-elementor-type=\"wp-page\" data-elementor-id=\"3\" class=\"elementor elementor-3\">\n\t\t\t\t\t\t<section class=\"elementor-section elementor-top-section elementor-element elementor-element-792dd50e elementor-section-boxed elementor-section-height-default elementor-section-height-default\" data-id=\"792dd50e\" data-element_type=\"section\">\n\t\t\t\t\t\t<div class=\"elementor-container elementor-column-gap-default\">\n\t\t\t\t\t<div class=\"elementor-column elementor-col-100 elementor-top-column elementor-element elementor-element-6e4f0a7c\" data-id=\"6e4f0a7c\" data-element_type=\"column\">\n\t\t\t<div class=\"elementor-widget-wrap elementor-element-populated\">\n\t\t\t\t\t\t<div class=\"elementor-element elementor-element-7994564e elementor-widget elementor-widget-text-editor\" data-id=\"7994564e\" data-element_type=\"widget\" data-widget_type=\"text-editor.default\">\n\t\t\t\t<div class=\"elementor-widget-container\">\n\t\t\t\t\t\t\t\t\t<p>Pour exercer ses activit\u00e9s notariales et notamment la r\u00e9daction d\u2019actes conform\u00e9ment aux dispositions de la loi modifi\u00e9e du 9 d\u00e9cembre 1976 relative \u00e0 l\u2019organisation du notariat, le Notaire doit collecter et traiter vos donn\u00e9es.<\/p>\n<p>Pour la r\u00e9alisation de cette finalit\u00e9, ces donn\u00e9es sont susceptibles d\u2019\u00eatre communiqu\u00e9es \u00e0 des tiers, notamment :<\/p>\n<ul>\n<li>Les partenaires l\u00e9galement habilit\u00e9s \u2013 services publics<\/li>\n<li>Les Offices notariaux participant \u00e0 l\u2019acte,<\/li>\n<li>Les \u00e9tablissements financiers concern\u00e9s,<\/li>\n<li>Les autres tiers en rapport avec le dossier et les obligations du notaire<\/li>\n<li>La Chambre des Notaires<\/li>\n<\/ul>\n<p>A d\u00e9faut le notaire ne pourra pas proc\u00e9der aux diligences requises par la loi.<\/p>\n<p>Aucune donn\u00e9e n\u2019est transf\u00e9r\u00e9e en dehors de l\u2019Union Europ\u00e9enne ou de pays ad\u00e9quats.<\/p>\n<p>Nous ne vendons pas, ni n\u2019\u00e9changeons ou ne transf\u00e9rons vos informations personnelles identifiables \u00e0 des tiers. Cela ne comprend pas les tierces parties de confiance qui nous aident \u00e0 exploiter notre site Web ou \u00e0 notre fournisseur de messagerie, tant que ces parties conviennent de garder ces informations confidentielles.<\/p>\n<p>Les donn\u00e9es \u00e0 caract\u00e8re personnel qui sont recueillies sont trait\u00e9es dans le strict respect du secret professionnel et ne sont pas transf\u00e9r\u00e9es \u00e0 des tiers autres.<\/p>\n<p>Les donn\u00e9es sont conserv\u00e9es dans le respect des dur\u00e9es suivantes\u00a0:<\/p>\n<ul>\n<li>30 ans \u00e0 compter de l\u2019ach\u00e8vement de la prestation pour les dossiers clients (documents permettant d\u2019\u00e9tablir les actes, de r\u00e9aliser les formalit\u00e9s)<\/li>\n<li>60 ans pour les actes, les annexes, le r\u00e9pertoire des actes.<\/li>\n<\/ul>\n<p>Vous disposez d\u2019un droit d\u2019acc\u00e8s, de rectification, \u00e0 la portabilit\u00e9, d\u2019opposition, de limitation, d\u2019effacement (hormis les cas o\u00f9 la r\u00e9glementation ne permet pas l\u2019exercice de ces droits) des donn\u00e9es vous concernant directement aupr\u00e8s de\u00a0:<\/p>\n<p>\u00a0<\/p>\n<p><strong><em>Etude de Me Jo\u00eblle PIERRET<\/em><\/strong><\/p>\n<p><strong><em>15, rue Principale<\/em><\/strong><\/p>\n<p><strong><em>L-8805 Rambrouch<\/em><\/strong><\/p>\n<p><strong><em>T\u00e9l\u00a0: 20 26 05 23<\/em><\/strong><\/p>\n<p><strong><em>Fax\u00a0: 27 32 59 14<\/em><\/strong><\/p>\t\t\t\t\t\t\t\t<\/div>\n\t\t\t\t<\/div>\n\t\t\t\t\t<\/div>\n\t\t<\/div>\n\t\t\t\t\t<\/div>\n\t\t<\/section>\n\t\t\t\t<\/div>\n\t\t","protected":false},"excerpt":{"rendered":"<p>Pour exercer ses activit\u00e9s notariales et notamment la r\u00e9daction d\u2019actes conform\u00e9ment aux dispositions de la loi modifi\u00e9e du 9 d\u00e9cembre 1976 relative \u00e0 l\u2019organisation du notariat, le Notaire doit collecter et traiter vos donn\u00e9es. Pour la r\u00e9alisation de cette finalit\u00e9, ces donn\u00e9es sont susceptibles d\u2019\u00eatre communiqu\u00e9es \u00e0 des tiers, notamment : Les partenaires l\u00e9galement habilit\u00e9s [&hellip;]<\/p>\n","protected":false},"author":1,"featured_media":0,"parent":0,"menu_order":0,"comment_status":"closed","ping_status":"closed","template":"","meta":{"site-sidebar-layout":"default","site-content-layout":"","ast-site-content-layout":"default","site-content-style":"default","site-sidebar-style":"default","ast-global-header-display":"","ast-banner-title-visibility":"","ast-main-header-display":"","ast-hfb-above-header-display":"","ast-hfb-below-header-display":"","ast-hfb-mobile-header-display":"","site-post-title":"","ast-breadcrumbs-content":"","ast-featured-img":"","footer-sml-layout":"","theme-transparent-header-meta":"","adv-header-id-meta":"","stick-header-meta":"","header-above-stick-meta":"","header-main-stick-meta":"","header-below-stick-meta":"","astra-migrate-meta-layouts":"default","ast-page-background-enabled":"default","ast-page-background-meta":{"desktop":{"background-color":"","background-image":"","background-repeat":"repeat","background-position":"center center","background-size":"auto","background-attachment":"scroll","background-type":"","background-media":"","overlay-type":"","overlay-color":"","overlay-opacity":"","overlay-gradient":""},"tablet":{"background-color":"","background-image":"","background-repeat":"repeat","background-position":"center center","background-size":"auto","background-attachment":"scroll","background-type":"","background-media":"","overlay-type":"","overlay-color":"","overlay-opacity":"","overlay-gradient":""},"mobile":{"background-color":"","background-image":"","background-repeat":"repeat","background-position":"center center","background-size":"auto","background-attachment":"scroll","background-type":"","background-media":"","overlay-type":"","overlay-color":"","overlay-opacity":"","overlay-gradient":""}},"ast-content-background-meta":{"desktop":{"background-color":"var(--ast-global-color-5)","background-image":"","background-repeat":"repeat","background-position":"center center","background-size":"auto","background-attachment":"scroll","background-type":"","background-media":"","overlay-type":"","overlay-color":"","overlay-opacity":"","overlay-gradient":""},"tablet":{"background-color":"var(--ast-global-color-5)","background-image":"","background-repeat":"repeat","background-position":"center center","background-size":"auto","background-attachment":"scroll","background-type":"","background-media":"","overlay-type":"","overlay-color":"","overlay-opacity":"","overlay-gradient":""},"mobile":{"background-color":"var(--ast-global-color-5)","background-image":"","background-repeat":"repeat","background-position":"center center","background-size":"auto","background-attachment":"scroll","background-type":"","background-media":"","overlay-type":"","overlay-color":"","overlay-opacity":"","overlay-gradient":""}},"footnotes":""},"class_list":["post-3","page","type-page","status-publish","hentry"],"_links":{"self":[{"href":"https:\/\/www.notaire-pierret.lu\/index.php\/wp-json\/wp\/v2\/pages\/3","targetHints":{"allow":["GET"]}}],"collection":[{"href":"https:\/\/www.notaire-pierret.lu\/index.php\/wp-json\/wp\/v2\/pages"}],"about":[{"href":"https:\/\/www.notaire-pierret.lu\/index.php\/wp-json\/wp\/v2\/types\/page"}],"author":[{"embeddable":true,"href":"https:\/\/www.notaire-pierret.lu\/index.php\/wp-json\/wp\/v2\/users\/1"}],"replies":[{"embeddable":true,"href":"https:\/\/www.notaire-pierret.lu\/index.php\/wp-json\/wp\/v2\/comments?post=3"}],"version-history":[{"count":13,"href":"https:\/\/www.notaire-pierret.lu\/index.php\/wp-json\/wp\/v2\/pages\/3\/revisions"}],"predecessor-version":[{"id":856,"href":"https:\/\/www.notaire-pierret.lu\/index.php\/wp-json\/wp\/v2\/pages\/3\/revisions\/856"}],"wp:attachment":[{"href":"https:\/\/www.notaire-pierret.lu\/index.php\/wp-json\/wp\/v2\/media?parent=3"}],"curies":[{"name":"wp","href":"https:\/\/api.w.org\/{rel}","templated":true}]}}